{"id":388,"date":"2014-11-13T11:34:01","date_gmt":"2014-11-13T09:34:01","guid":{"rendered":"http:\/\/patincekupele.sk\/?page_id=388"},"modified":"2024-01-11T15:00:48","modified_gmt":"2024-01-11T13:00:48","slug":"ubytovanie","status":"publish","type":"page","link":"https:\/\/patincekupele.sk\/?page_id=388","title":{"rendered":"Ubytovanie"},"content":{"rendered":"<div class=\"wpb-content-wrapper\">[vc_row padding_top=&#8220;0px&#8220; padding_bottom=&#8220;-40px&#8220; border=&#8220;none&#8220; no_margin=&#8220;true&#8220;][vc_column width=&#8220;3\/4&#8243;][vc_column_text]<hr  class=\"x-gap\" style=\"margin: 1.313em 0 0 0;\"><h2 style=\"text-align: center;\">Patince k\u00fapele<\/h2>\n<p>&nbsp;<\/p>\n<p>Patince\u00a0 \u2013\u00a0 najju\u017enej\u0161ie polo\u017een\u00e1 obec Slovenska so svojim term\u00e1lnym k\u00fapaliskom,\u00a0 rekrea\u010dn\u00fdmi a cyklistick\u00fdmi mo\u017enos\u0165ami u\u017e desa\u0165ro\u010dia pri\u0165ahuje rekreantov zo Slovenska i zo zahrani\u010dia. <span style=\"color: #0000ff;\"><strong><a style=\"color: #0000ff;\" href=\"http:\/\/www.patincekupalisko.sk\/\" target=\"_blank\" rel=\"noopener\">\u0160es\u0165 vonkaj\u0161\u00edch baz\u00e9nov s\u00a0Toboganov\u00fdm svetom<\/a><\/strong><\/span> (\u0161portov\u00fd, rekrea\u010dn\u00fd, detsk\u00fd, plaveck\u00fd, sedac\u00ed a dopadov\u00fd baz\u00e9n) s term\u00e1lnou vodou 27 \u00b0C,\u00a0 volejbalov\u00e9 ihrisk\u00e1, tenisov\u00fd kurt, minigolfov\u00e9 ihrisko, a miniaut, \u00a0umel\u00e9 jazero s mo\u017enos\u0165ou vypo\u017ei\u010diavania \u010dlnkov a vodn\u00fdch bicyklov poskytuj\u00fa \u0161irok\u00fa \u0161k\u00e1lu akt\u00edvneho oddychu. Term\u00e1lna voda so svoj\u00edm chemick\u00fdm zlo\u017een\u00edm m\u00e1 blahodarn\u00fd vplyv na pohybov\u00e9 \u00fastrojenstvo a ko\u017en\u00e9 choroby. V\u00a0are\u00e1li sa nach\u00e1dza rad bufetov a re\u0161taur\u00e1ci\u00ed s\u00a0mo\u017enos\u0165ou r\u00f4zneho typu stravovania a\u00a0ob\u010derstvenia. Pre rodiny s\u00a0mal\u00fdmi de\u0165mi s\u00fa k\u00a0dispoz\u00edci\u00ed r\u00f4zne ihrisk\u00e1.<br \/>\nV\u00a0Patinciach je kr\u00e1sne <span style=\"color: #0000ff;\"><strong><a style=\"color: #0000ff;\" href=\"http:\/\/www.wellnesspatince.sk\/\" target=\"_blank\" rel=\"noopener\">Wellness centrum<\/a><\/strong><\/span> s ve\u013ek\u00fdm baz\u00e9nov\u00fdm a saunov\u00fdm svetom. Tento komplex celoro\u010dne pon\u00faka vodn\u00fa terapiu, v\u00edriv\u00fd baz\u00e9n, sedac\u00ed baz\u00e9n, f\u00ednske sauny, bylinkov\u00fa saunu, parn\u00fa saunu, Kneippov k\u00fape\u013e, \u013eadov\u00fa miestnos\u0165, mas\u00e1\u017ee r\u00f4znych druhov a bahenn\u00e9 z\u00e1baly.<\/p>\n<hr  class=\"x-gap\" style=\"margin: 1em 0 0 0;\">[\/vc_column_text][\/vc_column][vc_column width=&#8220;1\/4&#8243;][vc_column_text]<hr  class=\"x-gap\" style=\"margin: 2em 0 0 0;\"><a  class=\"x-img x-img-link x-img-none none\"  href=\"https:\/\/patincekupele.sk\/wp-content\/uploads\/2014\/11\/terkep.jpg\"  target=\"_blank\" rel=\"\"   data-options=\"thumbnail: 'https:\/\/patincekupele.sk\/wp-content\/uploads\/2014\/11\/terkep-mini.jpg'\"><img decoding=\"async\" src=\"https:\/\/patincekupele.sk\/wp-content\/uploads\/2014\/11\/terkep-mini.jpg\" ><\/a>[\/vc_column_text][\/vc_column][\/vc_row][vc_row padding_top=&#8220;-20px&#8220; padding_bottom=&#8220;0px&#8220; border=&#8220;none&#8220; no_margin=&#8220;true&#8220;][vc_column width=&#8220;1\/4&#8243;][vc_column_text]<a  class=\"x-img x-img-link x-img-rounded none\"  href=\"http:\/\/www.hotelpatince.sk\/sk\/penzion\" title=\"Pre \u010fal\u0161ie inform\u00e1cie kliknite na obr\u00e1zok\"  data-x-element=\"extra\" data-x-params=\"{&quot;type&quot;:&quot;tooltip&quot;,&quot;trigger&quot;:&quot;hover&quot;,&quot;placement&quot;:&quot;top&quot;,&quot;title&quot;:&quot;&quot;,&quot;content&quot;:&quot;&quot;}\"  data-options=\"thumbnail: 'https:\/\/patincekupele.sk\/wp-content\/uploads\/2014\/11\/1.png'\"><img decoding=\"async\" src=\"https:\/\/patincekupele.sk\/wp-content\/uploads\/2014\/11\/1.png\" ><\/a>[\/vc_column_text][\/vc_column][vc_column width=&#8220;1\/4&#8243;][vc_column_text]<a  class=\"x-img x-img-link x-img-rounded none\"  href=\"http:\/\/www.hotelpatince.sk\/sk\/penzion\" title=\"Pre \u010fal\u0161ie inform\u00e1cie kliknite na obr\u00e1zok\"  data-x-element=\"extra\" data-x-params=\"{&quot;type&quot;:&quot;tooltip&quot;,&quot;trigger&quot;:&quot;hover&quot;,&quot;placement&quot;:&quot;top&quot;,&quot;title&quot;:&quot;&quot;,&quot;content&quot;:&quot;&quot;}\"  data-options=\"thumbnail: 'https:\/\/patincekupele.sk\/wp-content\/uploads\/2014\/11\/2.png'\"><img decoding=\"async\" src=\"https:\/\/patincekupele.sk\/wp-content\/uploads\/2014\/11\/2.png\" ><\/a>[\/vc_column_text][\/vc_column][vc_column width=&#8220;1\/4&#8243;][vc_column_text]<a  class=\"x-img x-img-link x-img-rounded none\"  href=\"http:\/\/www.hotelpatince.sk\/sk\/chaty\" title=\"Pre \u010fal\u0161ie inform\u00e1cie kliknite na obr\u00e1zok\"  data-x-element=\"extra\" data-x-params=\"{&quot;type&quot;:&quot;tooltip&quot;,&quot;trigger&quot;:&quot;hover&quot;,&quot;placement&quot;:&quot;top&quot;,&quot;title&quot;:&quot;&quot;,&quot;content&quot;:&quot;&quot;}\"  data-options=\"thumbnail: 'https:\/\/patincekupele.sk\/wp-content\/uploads\/2014\/11\/3.png'\"><img decoding=\"async\" src=\"https:\/\/patincekupele.sk\/wp-content\/uploads\/2014\/11\/3.png\" ><\/a>[\/vc_column_text][\/vc_column][vc_column width=&#8220;1\/4&#8243;][\/vc_column][\/vc_row]\n<\/div>","protected":false},"excerpt":{"rendered":"<p>[vc_row padding_top=&#8220;0px&#8220; padding_bottom=&#8220;-40px&#8220; border=&#8220;none&#8220; no_margin=&#8220;true&#8220;][vc_column width=&#8220;3\/4&#8243;][vc_column_text][\/vc_column_text][\/vc_column][vc_column width=&#8220;1\/4&#8243;][vc_column_text][\/vc_column_text][\/vc_column][\/vc_row][vc_row padding_top=&#8220;-20px&#8220; padding_bottom=&#8220;0px&#8220; border=&#8220;none&#8220; no_margin=&#8220;true&#8220;][vc_column width=&#8220;1\/4&#8243;][vc_column_text][\/vc_column_text][\/vc_column][vc_column width=&#8220;1\/4&#8243;][vc_column_text][\/vc_column_text][\/vc_column][vc_column width=&#8220;1\/4&#8243;][vc_column_text][\/vc_column_text][\/vc_column][vc_column width=&#8220;1\/4&#8243;][\/vc_column][\/vc_row]<\/p>\n","protected":false},"author":2,"featured_media":0,"parent":0,"menu_order":0,"comment_status":"closed","ping_status":"open","template":"template-blank-1.php","meta":{"footnotes":""},"class_list":["post-388","page","type-page","status-publish","hentry","no-post-thumbnail"],"yoast_head":"<!-- This site is optimized with the Yoast SEO plugin v21.9.1 - https:\/\/yoast.com\/wordpress\/plugins\/seo\/ -->\n<title>Ubytovanie - Patince K\u00fapele<\/title>\n<meta name=\"robots\" content=\"index, follow, max-snippet:-1, max-image-preview:large, max-video-preview:-1\" \/>\n<link rel=\"canonical\" href=\"https:\/\/patincekupele.sk\/?page_id=388\" \/>\n<meta property=\"og:locale\" content=\"sk_SK\" \/>\n<meta property=\"og:type\" content=\"article\" \/>\n<meta property=\"og:title\" content=\"Ubytovanie - Patince K\u00fapele\" \/>\n<meta property=\"og:description\" content=\"[vc_row padding_top=&#8220;0px&#8220; padding_bottom=&#8220;-40px&#8220; border=&#8220;none&#8220; no_margin=&#8220;true&#8220;][vc_column width=&#8220;3\/4&#8243;][vc_column_text][\/vc_column_text][\/vc_column][vc_column width=&#8220;1\/4&#8243;][vc_column_text][\/vc_column_text][\/vc_column][\/vc_row][vc_row padding_top=&#8220;-20px&#8220; padding_bottom=&#8220;0px&#8220; border=&#8220;none&#8220; no_margin=&#8220;true&#8220;][vc_column width=&#8220;1\/4&#8243;][vc_column_text][\/vc_column_text][\/vc_column][vc_column width=&#8220;1\/4&#8243;][vc_column_text][\/vc_column_text][\/vc_column][vc_column width=&#8220;1\/4&#8243;][vc_column_text][\/vc_column_text][\/vc_column][vc_column width=&#8220;1\/4&#8243;][\/vc_column][\/vc_row]\" \/>\n<meta property=\"og:url\" content=\"https:\/\/patincekupele.sk\/?page_id=388\" \/>\n<meta property=\"og:site_name\" content=\"Patince K\u00fapele\" \/>\n<meta property=\"article:publisher\" content=\"https:\/\/www.facebook.com\/patince.kupele?fref=ts\" \/>\n<meta property=\"article:modified_time\" content=\"2024-01-11T13:00:48+00:00\" \/>\n<meta name=\"twitter:label1\" content=\"Predpokladan\u00fd \u010das \u010d\u00edtania\" \/>\n\t<meta name=\"twitter:data1\" content=\"2 min\u00faty\" \/>\n<script type=\"application\/ld+json\" class=\"yoast-schema-graph\">{\"@context\":\"https:\/\/schema.org\",\"@graph\":[{\"@type\":\"WebPage\",\"@id\":\"https:\/\/patincekupele.sk\/?page_id=388\",\"url\":\"https:\/\/patincekupele.sk\/?page_id=388\",\"name\":\"Ubytovanie - Patince K\u00fapele\",\"isPartOf\":{\"@id\":\"https:\/\/patincekupele.sk\/#website\"},\"datePublished\":\"2014-11-13T09:34:01+00:00\",\"dateModified\":\"2024-01-11T13:00:48+00:00\",\"breadcrumb\":{\"@id\":\"https:\/\/patincekupele.sk\/?page_id=388#breadcrumb\"},\"inLanguage\":\"sk-SK\",\"potentialAction\":[{\"@type\":\"ReadAction\",\"target\":[\"https:\/\/patincekupele.sk\/?page_id=388\"]}]},{\"@type\":\"BreadcrumbList\",\"@id\":\"https:\/\/patincekupele.sk\/?page_id=388#breadcrumb\",\"itemListElement\":[{\"@type\":\"ListItem\",\"position\":1,\"name\":\"Dom\u00e1ca str\u00e1nka\",\"item\":\"https:\/\/patincekupele.sk\/\"},{\"@type\":\"ListItem\",\"position\":2,\"name\":\"Ubytovanie\"}]},{\"@type\":\"WebSite\",\"@id\":\"https:\/\/patincekupele.sk\/#website\",\"url\":\"https:\/\/patincekupele.sk\/\",\"name\":\"Patince K\u00fapele\",\"description\":\"\",\"potentialAction\":[{\"@type\":\"SearchAction\",\"target\":{\"@type\":\"EntryPoint\",\"urlTemplate\":\"https:\/\/patincekupele.sk\/?s={search_term_string}\"},\"query-input\":\"required name=search_term_string\"}],\"inLanguage\":\"sk-SK\"}]}<\/script>\n<!-- \/ Yoast SEO plugin. -->","yoast_head_json":{"title":"Ubytovanie - Patince K\u00fapele","robots":{"index":"index","follow":"follow","max-snippet":"max-snippet:-1","max-image-preview":"max-image-preview:large","max-video-preview":"max-video-preview:-1"},"canonical":"https:\/\/patincekupele.sk\/?page_id=388","og_locale":"sk_SK","og_type":"article","og_title":"Ubytovanie - Patince K\u00fapele","og_description":"[vc_row padding_top=&#8220;0px&#8220; padding_bottom=&#8220;-40px&#8220; border=&#8220;none&#8220; no_margin=&#8220;true&#8220;][vc_column width=&#8220;3\/4&#8243;][vc_column_text][\/vc_column_text][\/vc_column][vc_column width=&#8220;1\/4&#8243;][vc_column_text][\/vc_column_text][\/vc_column][\/vc_row][vc_row padding_top=&#8220;-20px&#8220; padding_bottom=&#8220;0px&#8220; border=&#8220;none&#8220; no_margin=&#8220;true&#8220;][vc_column width=&#8220;1\/4&#8243;][vc_column_text][\/vc_column_text][\/vc_column][vc_column width=&#8220;1\/4&#8243;][vc_column_text][\/vc_column_text][\/vc_column][vc_column width=&#8220;1\/4&#8243;][vc_column_text][\/vc_column_text][\/vc_column][vc_column width=&#8220;1\/4&#8243;][\/vc_column][\/vc_row]","og_url":"https:\/\/patincekupele.sk\/?page_id=388","og_site_name":"Patince K\u00fapele","article_publisher":"https:\/\/www.facebook.com\/patince.kupele?fref=ts","article_modified_time":"2024-01-11T13:00:48+00:00","twitter_misc":{"Predpokladan\u00fd \u010das \u010d\u00edtania":"2 min\u00faty"},"schema":{"@context":"https:\/\/schema.org","@graph":[{"@type":"WebPage","@id":"https:\/\/patincekupele.sk\/?page_id=388","url":"https:\/\/patincekupele.sk\/?page_id=388","name":"Ubytovanie - Patince K\u00fapele","isPartOf":{"@id":"https:\/\/patincekupele.sk\/#website"},"datePublished":"2014-11-13T09:34:01+00:00","dateModified":"2024-01-11T13:00:48+00:00","breadcrumb":{"@id":"https:\/\/patincekupele.sk\/?page_id=388#breadcrumb"},"inLanguage":"sk-SK","potentialAction":[{"@type":"ReadAction","target":["https:\/\/patincekupele.sk\/?page_id=388"]}]},{"@type":"BreadcrumbList","@id":"https:\/\/patincekupele.sk\/?page_id=388#breadcrumb","itemListElement":[{"@type":"ListItem","position":1,"name":"Dom\u00e1ca str\u00e1nka","item":"https:\/\/patincekupele.sk\/"},{"@type":"ListItem","position":2,"name":"Ubytovanie"}]},{"@type":"WebSite","@id":"https:\/\/patincekupele.sk\/#website","url":"https:\/\/patincekupele.sk\/","name":"Patince K\u00fapele","description":"","potentialAction":[{"@type":"SearchAction","target":{"@type":"EntryPoint","urlTemplate":"https:\/\/patincekupele.sk\/?s={search_term_string}"},"query-input":"required name=search_term_string"}],"inLanguage":"sk-SK"}]}},"_links":{"self":[{"href":"https:\/\/patincekupele.sk\/index.php?rest_route=\/wp\/v2\/pages\/388","targetHints":{"allow":["GET"]}}],"collection":[{"href":"https:\/\/patincekupele.sk\/index.php?rest_route=\/wp\/v2\/pages"}],"about":[{"href":"https:\/\/patincekupele.sk\/index.php?rest_route=\/wp\/v2\/types\/page"}],"author":[{"embeddable":true,"href":"https:\/\/patincekupele.sk\/index.php?rest_route=\/wp\/v2\/users\/2"}],"replies":[{"embeddable":true,"href":"https:\/\/patincekupele.sk\/index.php?rest_route=%2Fwp%2Fv2%2Fcomments&post=388"}],"version-history":[{"count":2,"href":"https:\/\/patincekupele.sk\/index.php?rest_route=\/wp\/v2\/pages\/388\/revisions"}],"predecessor-version":[{"id":910,"href":"https:\/\/patincekupele.sk\/index.php?rest_route=\/wp\/v2\/pages\/388\/revisions\/910"}],"wp:attachment":[{"href":"https:\/\/patincekupele.sk\/index.php?rest_route=%2Fwp%2Fv2%2Fmedia&parent=388"}],"curies":[{"name":"wp","href":"https:\/\/api.w.org\/{rel}","templated":true}]}}