{"id":7,"date":"2014-10-16T16:06:40","date_gmt":"2014-10-16T14:06:40","guid":{"rendered":"http:\/\/patincekupele.sk\/?page_id=7"},"modified":"2026-02-12T15:53:06","modified_gmt":"2026-02-12T13:53:06","slug":"patince","status":"publish","type":"page","link":"https:\/\/patincekupele.sk\/","title":{"rendered":"Patince"},"content":{"rendered":"<div class=\"wpb-content-wrapper\">[vc_row][vc_column][vc_custom_heading text=&#8220;3D Prehliadka&#8220; font_container=&#8220;tag:h2|text_align:center&#8220; use_theme_fonts=&#8220;yes&#8220; css=&#8220;&#8220;][\/vc_column][vc_column width=&#8220;1\/3&#8243;][vc_single_image image=&#8220;927&#8243; img_size=&#8220;full&#8220; onclick=&#8220;custom_link&#8220; img_link_target=&#8220;_blank&#8220; css=&#8220;&#8220; link=&#8220;https:\/\/www.google.com\/maps\/@47.744859,18.3109602,3a,75y,230.56h,76t\/data=!3m8!1e1!3m6!1sCIHM0ogKEICAgICT2uTEMA!2e10!3e12!6shttps:%2F%2Flh3.googleusercontent.com%2Fgpms-cs-s%2FAPRy3c_zC1H1hi2mPPJwjbAdsnpcseRl2DnRtIBjKsaeIwXp_VIrdMV6MVCNzDAGDyQI_aeQPlhOscH2iMKN1M3kuzfJ57SBR9RXF8UoJt5Gb-9kM68hFEJjimkXQWtfBJfIsNDCMWmD%3Dw900-h600-k-no-pi14-ya234.4600244140625-ro0-fo100!7i13276!8i6638?entry=ttu&amp;g_ep=EgoyMDI1MTExMS4wIKXMDSoASAFQAw%3D%3D&#8220;][\/vc_column][vc_column width=&#8220;1\/3&#8243;][vc_single_image image=&#8220;929&#8243; img_size=&#8220;full&#8220; onclick=&#8220;custom_link&#8220; img_link_target=&#8220;_blank&#8220; css_animation=&#8220;none&#8220; css=&#8220;&#8220; link=&#8220;https:\/\/www.google.com\/maps\/@47.7447517,18.3108515,3a,82.2y,183.07h,88.96t\/data=!3m8!1e1!3m6!1sAF1QipMfHJsuCLsMLLjh_wkK7d0WePhl2u6vgW8JkAbS!2e10!3e12!6shttps:%2F%2Flh3.googleusercontent.com%2Fp%2FAF1QipMfHJsuCLsMLLjh_wkK7d0WePhl2u6vgW8JkAbS%3Dw900-h600-k-no-pi1.0400000000000063-ya3.9580004882811863-ro0-fo100!7i13270!8i6635?entry=ttu&amp;g_ep=EgoyMDI1MDIyMy4xIKXMDSoASAFQAw%3D%3D&#8220;][\/vc_column][vc_column width=&#8220;1\/3&#8243;][vc_single_image image=&#8220;928&#8243; img_size=&#8220;full&#8220; onclick=&#8220;custom_link&#8220; img_link_target=&#8220;_blank&#8220; css=&#8220;&#8220; link=&#8220;https:\/\/www.google.com\/maps\/@47.7449825,18.3111641,3a,82.2y,73.47h,96.53t\/data=!3m8!1e1!3m6!1sAF1QipOQNagfTl8lQrumt7_4C2-UB7qNeDKkjZ61BD68!2e10!3e12!6shttps:%2F%2Flh3.googleusercontent.com%2Fp%2FAF1QipOQNagfTl8lQrumt7_4C2-UB7qNeDKkjZ61BD68%3Dw900-h600-k-no-pi-6.530000000000001-ya3.5327288818359364-ro0-fo100!7i13278!8i6639?entry=ttu&amp;g_ep=EgoyMDI1MDIyMy4xIKXMDSoASAFQAw%3D%3D&#8220;][\/vc_column][\/vc_row][vc_row content_placement=&#8220;top&#8220; padding_top=&#8220;20px&#8220; padding_bottom=&#8220;0px&#8220; border=&#8220;none&#8220; no_margin=&#8220;true&#8220;][vc_column width=&#8220;1\/3&#8243;][vc_video link=&#8220;https:\/\/vimeo.com\/114151262&#8243; css=&#8220;&#8220;][vc_column_text css=&#8220;&#8220;]\n<h5 style=\"text-align: center;\"><a href=\"http:\/\/www.patincekupalisko.sk\/\" target=\"_blank\" rel=\"noopener\">Letn\u00e9 term\u00e1lne k\u00fapalisko a toboganov\u00fd svet<br \/>\nv Patinciach pon\u00faka 6 baz\u00e9nov&#8230;<\/a><\/h5>\n[\/vc_column_text][\/vc_column][vc_column width=&#8220;1\/3&#8243;][vc_video link=&#8220;https:\/\/www.youtube.com\/watch?v=aRn7FDpwEq4&#8243; css=&#8220;&#8220;][\/vc_column][vc_column width=&#8220;1\/3&#8243;][vc_video link=&#8220;https:\/\/www.youtube.com\/watch?v=ZHHBw3u2DVU&#8220; css=&#8220;&#8220;][vc_column_text css=&#8220;&#8220;]\n<h5 style=\"text-align: center;\"><a href=\"https:\/\/patincekupele.sk\/ubytovanie\/\">Ubytovanie v Patinciach<\/a><\/h5>\n<p style=\"text-align: center;\"><a href=\"https:\/\/patincekupele.sk\/ubytovanie\/\">najv\u00fdhodnej\u0161ie ubytovanie v Patinciach so vstupom na Letn\u00e9 term\u00e1lne k\u00fapalisko<\/a><\/p>\n[\/vc_column_text][\/vc_column][\/vc_row]\n<\/div>","protected":false},"excerpt":{"rendered":"<p>[vc_row][vc_column][vc_custom_heading text=&#8220;3D Prehliadka&#8220; font_container=&#8220;tag:h2|text_align:center&#8220; use_theme_fonts=&#8220;yes&#8220; css=&#8220;&#8220;][\/vc_column][vc_column width=&#8220;1\/3&#8243;][vc_single_image image=&#8220;927&#8243; img_size=&#8220;full&#8220; onclick=&#8220;custom_link&#8220; img_link_target=&#8220;_blank&#8220; css=&#8220;&#8220; link=&#8220;https:\/\/www.google.com\/maps\/@47.744859,18.3109602,3a,75y,230.56h,76t\/data=!3m8!1e1!3m6!1sCIHM0ogKEICAgICT2uTEMA!2e10!3e12!6shttps:%2F%2Flh3.googleusercontent.com%2Fgpms-cs-s%2FAPRy3c_zC1H1hi2mPPJwjbAdsnpcseRl2DnRtIBjKsaeIwXp_VIrdMV6MVCNzDAGDyQI_aeQPlhOscH2iMKN1M3kuzfJ57SBR9RXF8UoJt5Gb-9kM68hFEJjimkXQWtfBJfIsNDCMWmD%3Dw900-h600-k-no-pi14-ya234.4600244140625-ro0-fo100!7i13276!8i6638?entry=ttu&amp;g_ep=EgoyMDI1MTExMS4wIKXMDSoASAFQAw%3D%3D&#8220;][\/vc_column][vc_column width=&#8220;1\/3&#8243;][vc_single_image image=&#8220;929&#8243; img_size=&#8220;full&#8220; onclick=&#8220;custom_link&#8220; img_link_target=&#8220;_blank&#8220; css_animation=&#8220;none&#8220; css=&#8220;&#8220; link=&#8220;https:\/\/www.google.com\/maps\/@47.7447517,18.3108515,3a,82.2y,183.07h,88.96t\/data=!3m8!1e1!3m6!1sAF1QipMfHJsuCLsMLLjh_wkK7d0WePhl2u6vgW8JkAbS!2e10!3e12!6shttps:%2F%2Flh3.googleusercontent.com%2Fp%2FAF1QipMfHJsuCLsMLLjh_wkK7d0WePhl2u6vgW8JkAbS%3Dw900-h600-k-no-pi1.0400000000000063-ya3.9580004882811863-ro0-fo100!7i13270!8i6635?entry=ttu&amp;g_ep=EgoyMDI1MDIyMy4xIKXMDSoASAFQAw%3D%3D&#8220;][\/vc_column][vc_column width=&#8220;1\/3&#8243;][vc_single_image image=&#8220;928&#8243; img_size=&#8220;full&#8220; onclick=&#8220;custom_link&#8220; img_link_target=&#8220;_blank&#8220; css=&#8220;&#8220; link=&#8220;https:\/\/www.google.com\/maps\/@47.7449825,18.3111641,3a,82.2y,73.47h,96.53t\/data=!3m8!1e1!3m6!1sAF1QipOQNagfTl8lQrumt7_4C2-UB7qNeDKkjZ61BD68!2e10!3e12!6shttps:%2F%2Flh3.googleusercontent.com%2Fp%2FAF1QipOQNagfTl8lQrumt7_4C2-UB7qNeDKkjZ61BD68%3Dw900-h600-k-no-pi-6.530000000000001-ya3.5327288818359364-ro0-fo100!7i13278!8i6639?entry=ttu&amp;g_ep=EgoyMDI1MDIyMy4xIKXMDSoASAFQAw%3D%3D&#8220;][\/vc_column][\/vc_row][vc_row content_placement=&#8220;top&#8220; padding_top=&#8220;20px&#8220; padding_bottom=&#8220;0px&#8220; border=&#8220;none&#8220; no_margin=&#8220;true&#8220;][vc_column width=&#8220;1\/3&#8243;][vc_video link=&#8220;https:\/\/vimeo.com\/114151262&#8243; css=&#8220;&#8220;][vc_column_text css=&#8220;&#8220;] Letn\u00e9 term\u00e1lne k\u00fapalisko a toboganov\u00fd svet v Patinciach pon\u00faka 6 baz\u00e9nov&#8230; [\/vc_column_text][\/vc_column][vc_column width=&#8220;1\/3&#8243;][vc_video link=&#8220;https:\/\/www.youtube.com\/watch?v=aRn7FDpwEq4&#8243; css=&#8220;&#8220;][\/vc_column][vc_column width=&#8220;1\/3&#8243;][vc_video link=&#8220;https:\/\/www.youtube.com\/watch?v=ZHHBw3u2DVU&#8220; css=&#8220;&#8220;][vc_column_text css=&#8220;&#8220;] Ubytovanie v Patinciach najv\u00fdhodnej\u0161ie &#8230; <\/p>\n<div><a href=\"https:\/\/patincekupele.sk\/\" class=\"more-link\">Read More<\/a><\/div>\n","protected":false},"author":2,"featured_media":0,"parent":0,"menu_order":0,"comment_status":"closed","ping_status":"open","template":"template-blank-1.php","meta":{"footnotes":""},"class_list":["post-7","page","type-page","status-publish","hentry","no-post-thumbnail"],"yoast_head":"<!-- This site is optimized with the Yoast SEO plugin v21.9.1 - https:\/\/yoast.com\/wordpress\/plugins\/seo\/ -->\n<title>Patince - Patince K\u00fapele<\/title>\n<meta name=\"robots\" content=\"index, follow, max-snippet:-1, max-image-preview:large, max-video-preview:-1\" \/>\n<link rel=\"canonical\" href=\"https:\/\/patincekupele.sk\/\" \/>\n<meta property=\"og:locale\" content=\"sk_SK\" \/>\n<meta property=\"og:type\" content=\"article\" \/>\n<meta property=\"og:title\" content=\"Patince - Patince K\u00fapele\" \/>\n<meta property=\"og:description\" content=\"[vc_row][vc_column][vc_custom_heading text=&#8220;3D Prehliadka&#8220; font_container=&#8220;tag:h2|text_align:center&#8220; use_theme_fonts=&#8220;yes&#8220; css=&#8220;&#8220;][\/vc_column][vc_column width=&#8220;1\/3&#8243;][vc_single_image image=&#8220;927&#8243; img_size=&#8220;full&#8220; onclick=&#8220;custom_link&#8220; img_link_target=&#8220;_blank&#8220; css=&#8220;&#8220; link=&#8220;https:\/\/www.google.com\/maps\/@47.744859,18.3109602,3a,75y,230.56h,76t\/data=!3m8!1e1!3m6!1sCIHM0ogKEICAgICT2uTEMA!2e10!3e12!6shttps:%2F%2Flh3.googleusercontent.com%2Fgpms-cs-s%2FAPRy3c_zC1H1hi2mPPJwjbAdsnpcseRl2DnRtIBjKsaeIwXp_VIrdMV6MVCNzDAGDyQI_aeQPlhOscH2iMKN1M3kuzfJ57SBR9RXF8UoJt5Gb-9kM68hFEJjimkXQWtfBJfIsNDCMWmD%3Dw900-h600-k-no-pi14-ya234.4600244140625-ro0-fo100!7i13276!8i6638?entry=ttu&amp;g_ep=EgoyMDI1MTExMS4wIKXMDSoASAFQAw%3D%3D&#8220;][\/vc_column][vc_column width=&#8220;1\/3&#8243;][vc_single_image image=&#8220;929&#8243; img_size=&#8220;full&#8220; onclick=&#8220;custom_link&#8220; img_link_target=&#8220;_blank&#8220; css_animation=&#8220;none&#8220; css=&#8220;&#8220; link=&#8220;https:\/\/www.google.com\/maps\/@47.7447517,18.3108515,3a,82.2y,183.07h,88.96t\/data=!3m8!1e1!3m6!1sAF1QipMfHJsuCLsMLLjh_wkK7d0WePhl2u6vgW8JkAbS!2e10!3e12!6shttps:%2F%2Flh3.googleusercontent.com%2Fp%2FAF1QipMfHJsuCLsMLLjh_wkK7d0WePhl2u6vgW8JkAbS%3Dw900-h600-k-no-pi1.0400000000000063-ya3.9580004882811863-ro0-fo100!7i13270!8i6635?entry=ttu&amp;g_ep=EgoyMDI1MDIyMy4xIKXMDSoASAFQAw%3D%3D&#8220;][\/vc_column][vc_column width=&#8220;1\/3&#8243;][vc_single_image image=&#8220;928&#8243; img_size=&#8220;full&#8220; onclick=&#8220;custom_link&#8220; img_link_target=&#8220;_blank&#8220; css=&#8220;&#8220; link=&#8220;https:\/\/www.google.com\/maps\/@47.7449825,18.3111641,3a,82.2y,73.47h,96.53t\/data=!3m8!1e1!3m6!1sAF1QipOQNagfTl8lQrumt7_4C2-UB7qNeDKkjZ61BD68!2e10!3e12!6shttps:%2F%2Flh3.googleusercontent.com%2Fp%2FAF1QipOQNagfTl8lQrumt7_4C2-UB7qNeDKkjZ61BD68%3Dw900-h600-k-no-pi-6.530000000000001-ya3.5327288818359364-ro0-fo100!7i13278!8i6639?entry=ttu&amp;g_ep=EgoyMDI1MDIyMy4xIKXMDSoASAFQAw%3D%3D&#8220;][\/vc_column][\/vc_row][vc_row content_placement=&#8220;top&#8220; padding_top=&#8220;20px&#8220; padding_bottom=&#8220;0px&#8220; border=&#8220;none&#8220; no_margin=&#8220;true&#8220;][vc_column width=&#8220;1\/3&#8243;][vc_video link=&#8220;https:\/\/vimeo.com\/114151262&#8243; css=&#8220;&#8220;][vc_column_text css=&#8220;&#8220;] Letn\u00e9 term\u00e1lne k\u00fapalisko a toboganov\u00fd svet v Patinciach pon\u00faka 6 baz\u00e9nov&#8230; [\/vc_column_text][\/vc_column][vc_column width=&#8220;1\/3&#8243;][vc_video link=&#8220;https:\/\/www.youtube.com\/watch?v=aRn7FDpwEq4&#8243; css=&#8220;&#8220;][\/vc_column][vc_column width=&#8220;1\/3&#8243;][vc_video link=&#8220;https:\/\/www.youtube.com\/watch?v=ZHHBw3u2DVU&#8220; css=&#8220;&#8220;][vc_column_text css=&#8220;&#8220;] Ubytovanie v Patinciach najv\u00fdhodnej\u0161ie ... Read More\" \/>\n<meta property=\"og:url\" content=\"https:\/\/patincekupele.sk\/\" \/>\n<meta property=\"og:site_name\" content=\"Patince K\u00fapele\" \/>\n<meta property=\"article:publisher\" content=\"https:\/\/www.facebook.com\/patince.kupele?fref=ts\" \/>\n<meta property=\"article:modified_time\" content=\"2026-02-12T13:53:06+00:00\" \/>\n<meta name=\"twitter:label1\" content=\"Predpokladan\u00fd \u010das \u010d\u00edtania\" \/>\n\t<meta name=\"twitter:data1\" content=\"1 min\u00fata\" \/>\n<script type=\"application\/ld+json\" class=\"yoast-schema-graph\">{\"@context\":\"https:\/\/schema.org\",\"@graph\":[{\"@type\":\"WebPage\",\"@id\":\"https:\/\/patincekupele.sk\/\",\"url\":\"https:\/\/patincekupele.sk\/\",\"name\":\"Patince - Patince K\u00fapele\",\"isPartOf\":{\"@id\":\"https:\/\/patincekupele.sk\/#website\"},\"datePublished\":\"2014-10-16T14:06:40+00:00\",\"dateModified\":\"2026-02-12T13:53:06+00:00\",\"breadcrumb\":{\"@id\":\"https:\/\/patincekupele.sk\/#breadcrumb\"},\"inLanguage\":\"sk-SK\",\"potentialAction\":[{\"@type\":\"ReadAction\",\"target\":[\"https:\/\/patincekupele.sk\/\"]}]},{\"@type\":\"BreadcrumbList\",\"@id\":\"https:\/\/patincekupele.sk\/#breadcrumb\",\"itemListElement\":[{\"@type\":\"ListItem\",\"position\":1,\"name\":\"Dom\u00e1ca str\u00e1nka\",\"item\":\"https:\/\/patincekupele.sk\/\"},{\"@type\":\"ListItem\",\"position\":2,\"name\":\"Patince\"}]},{\"@type\":\"WebSite\",\"@id\":\"https:\/\/patincekupele.sk\/#website\",\"url\":\"https:\/\/patincekupele.sk\/\",\"name\":\"Patince K\u00fapele\",\"description\":\"\",\"potentialAction\":[{\"@type\":\"SearchAction\",\"target\":{\"@type\":\"EntryPoint\",\"urlTemplate\":\"https:\/\/patincekupele.sk\/?s={search_term_string}\"},\"query-input\":\"required name=search_term_string\"}],\"inLanguage\":\"sk-SK\"}]}<\/script>\n<!-- \/ Yoast SEO plugin. -->","yoast_head_json":{"title":"Patince - Patince K\u00fapele","robots":{"index":"index","follow":"follow","max-snippet":"max-snippet:-1","max-image-preview":"max-image-preview:large","max-video-preview":"max-video-preview:-1"},"canonical":"https:\/\/patincekupele.sk\/","og_locale":"sk_SK","og_type":"article","og_title":"Patince - Patince K\u00fapele","og_description":"[vc_row][vc_column][vc_custom_heading text=&#8220;3D Prehliadka&#8220; font_container=&#8220;tag:h2|text_align:center&#8220; use_theme_fonts=&#8220;yes&#8220; css=&#8220;&#8220;][\/vc_column][vc_column width=&#8220;1\/3&#8243;][vc_single_image image=&#8220;927&#8243; img_size=&#8220;full&#8220; onclick=&#8220;custom_link&#8220; img_link_target=&#8220;_blank&#8220; css=&#8220;&#8220; link=&#8220;https:\/\/www.google.com\/maps\/@47.744859,18.3109602,3a,75y,230.56h,76t\/data=!3m8!1e1!3m6!1sCIHM0ogKEICAgICT2uTEMA!2e10!3e12!6shttps:%2F%2Flh3.googleusercontent.com%2Fgpms-cs-s%2FAPRy3c_zC1H1hi2mPPJwjbAdsnpcseRl2DnRtIBjKsaeIwXp_VIrdMV6MVCNzDAGDyQI_aeQPlhOscH2iMKN1M3kuzfJ57SBR9RXF8UoJt5Gb-9kM68hFEJjimkXQWtfBJfIsNDCMWmD%3Dw900-h600-k-no-pi14-ya234.4600244140625-ro0-fo100!7i13276!8i6638?entry=ttu&amp;g_ep=EgoyMDI1MTExMS4wIKXMDSoASAFQAw%3D%3D&#8220;][\/vc_column][vc_column width=&#8220;1\/3&#8243;][vc_single_image image=&#8220;929&#8243; img_size=&#8220;full&#8220; onclick=&#8220;custom_link&#8220; img_link_target=&#8220;_blank&#8220; css_animation=&#8220;none&#8220; css=&#8220;&#8220; link=&#8220;https:\/\/www.google.com\/maps\/@47.7447517,18.3108515,3a,82.2y,183.07h,88.96t\/data=!3m8!1e1!3m6!1sAF1QipMfHJsuCLsMLLjh_wkK7d0WePhl2u6vgW8JkAbS!2e10!3e12!6shttps:%2F%2Flh3.googleusercontent.com%2Fp%2FAF1QipMfHJsuCLsMLLjh_wkK7d0WePhl2u6vgW8JkAbS%3Dw900-h600-k-no-pi1.0400000000000063-ya3.9580004882811863-ro0-fo100!7i13270!8i6635?entry=ttu&amp;g_ep=EgoyMDI1MDIyMy4xIKXMDSoASAFQAw%3D%3D&#8220;][\/vc_column][vc_column width=&#8220;1\/3&#8243;][vc_single_image image=&#8220;928&#8243; img_size=&#8220;full&#8220; onclick=&#8220;custom_link&#8220; img_link_target=&#8220;_blank&#8220; css=&#8220;&#8220; link=&#8220;https:\/\/www.google.com\/maps\/@47.7449825,18.3111641,3a,82.2y,73.47h,96.53t\/data=!3m8!1e1!3m6!1sAF1QipOQNagfTl8lQrumt7_4C2-UB7qNeDKkjZ61BD68!2e10!3e12!6shttps:%2F%2Flh3.googleusercontent.com%2Fp%2FAF1QipOQNagfTl8lQrumt7_4C2-UB7qNeDKkjZ61BD68%3Dw900-h600-k-no-pi-6.530000000000001-ya3.5327288818359364-ro0-fo100!7i13278!8i6639?entry=ttu&amp;g_ep=EgoyMDI1MDIyMy4xIKXMDSoASAFQAw%3D%3D&#8220;][\/vc_column][\/vc_row][vc_row content_placement=&#8220;top&#8220; padding_top=&#8220;20px&#8220; padding_bottom=&#8220;0px&#8220; border=&#8220;none&#8220; no_margin=&#8220;true&#8220;][vc_column width=&#8220;1\/3&#8243;][vc_video link=&#8220;https:\/\/vimeo.com\/114151262&#8243; css=&#8220;&#8220;][vc_column_text css=&#8220;&#8220;] Letn\u00e9 term\u00e1lne k\u00fapalisko a toboganov\u00fd svet v Patinciach pon\u00faka 6 baz\u00e9nov&#8230; [\/vc_column_text][\/vc_column][vc_column width=&#8220;1\/3&#8243;][vc_video link=&#8220;https:\/\/www.youtube.com\/watch?v=aRn7FDpwEq4&#8243; css=&#8220;&#8220;][\/vc_column][vc_column width=&#8220;1\/3&#8243;][vc_video link=&#8220;https:\/\/www.youtube.com\/watch?v=ZHHBw3u2DVU&#8220; css=&#8220;&#8220;][vc_column_text css=&#8220;&#8220;] Ubytovanie v Patinciach najv\u00fdhodnej\u0161ie ... Read More","og_url":"https:\/\/patincekupele.sk\/","og_site_name":"Patince K\u00fapele","article_publisher":"https:\/\/www.facebook.com\/patince.kupele?fref=ts","article_modified_time":"2026-02-12T13:53:06+00:00","twitter_misc":{"Predpokladan\u00fd \u010das \u010d\u00edtania":"1 min\u00fata"},"schema":{"@context":"https:\/\/schema.org","@graph":[{"@type":"WebPage","@id":"https:\/\/patincekupele.sk\/","url":"https:\/\/patincekupele.sk\/","name":"Patince - Patince K\u00fapele","isPartOf":{"@id":"https:\/\/patincekupele.sk\/#website"},"datePublished":"2014-10-16T14:06:40+00:00","dateModified":"2026-02-12T13:53:06+00:00","breadcrumb":{"@id":"https:\/\/patincekupele.sk\/#breadcrumb"},"inLanguage":"sk-SK","potentialAction":[{"@type":"ReadAction","target":["https:\/\/patincekupele.sk\/"]}]},{"@type":"BreadcrumbList","@id":"https:\/\/patincekupele.sk\/#breadcrumb","itemListElement":[{"@type":"ListItem","position":1,"name":"Dom\u00e1ca str\u00e1nka","item":"https:\/\/patincekupele.sk\/"},{"@type":"ListItem","position":2,"name":"Patince"}]},{"@type":"WebSite","@id":"https:\/\/patincekupele.sk\/#website","url":"https:\/\/patincekupele.sk\/","name":"Patince K\u00fapele","description":"","potentialAction":[{"@type":"SearchAction","target":{"@type":"EntryPoint","urlTemplate":"https:\/\/patincekupele.sk\/?s={search_term_string}"},"query-input":"required name=search_term_string"}],"inLanguage":"sk-SK"}]}},"_links":{"self":[{"href":"https:\/\/patincekupele.sk\/index.php?rest_route=\/wp\/v2\/pages\/7","targetHints":{"allow":["GET"]}}],"collection":[{"href":"https:\/\/patincekupele.sk\/index.php?rest_route=\/wp\/v2\/pages"}],"about":[{"href":"https:\/\/patincekupele.sk\/index.php?rest_route=\/wp\/v2\/types\/page"}],"author":[{"embeddable":true,"href":"https:\/\/patincekupele.sk\/index.php?rest_route=\/wp\/v2\/users\/2"}],"replies":[{"embeddable":true,"href":"https:\/\/patincekupele.sk\/index.php?rest_route=%2Fwp%2Fv2%2Fcomments&post=7"}],"version-history":[{"count":15,"href":"https:\/\/patincekupele.sk\/index.php?rest_route=\/wp\/v2\/pages\/7\/revisions"}],"predecessor-version":[{"id":958,"href":"https:\/\/patincekupele.sk\/index.php?rest_route=\/wp\/v2\/pages\/7\/revisions\/958"}],"wp:attachment":[{"href":"https:\/\/patincekupele.sk\/index.php?rest_route=%2Fwp%2Fv2%2Fmedia&parent=7"}],"curies":[{"name":"wp","href":"https:\/\/api.w.org\/{rel}","templated":true}]}}